{"id":1576,"date":"2026-04-07T13:01:31","date_gmt":"2026-04-07T11:01:31","guid":{"rendered":"https:\/\/www.latelierdessaisons.ch\/modalitaeten-des-widerrufs\/"},"modified":"2026-04-08T18:34:55","modified_gmt":"2026-04-08T16:34:55","slug":"modalitaeten-des-widerrufs","status":"publish","type":"page","link":"https:\/\/www.latelierdessaisons.ch\/de-ch\/modalitaeten-des-widerrufs\/","title":{"rendered":"Modalit\u00e4ten des Widerrufs"},"content":{"rendered":"<p>[et_pb_section fb_built=&#187;1&#8243; _builder_version=&#187;4.27.6&#8243; _module_preset=&#187;default&#187; background_color=&#187;#FAF9EE&#187; global_colors_info=&#187;{}&#187;][et_pb_row _builder_version=&#187;4.27.6&#8243; _module_preset=&#187;default&#187; global_colors_info=&#187;{}&#187;][et_pb_column type=&#187;4_4&#8243; _builder_version=&#187;4.27.6&#8243; _module_preset=&#187;default&#187; global_colors_info=&#187;{}&#187;][et_pb_text _builder_version=&#187;4.27.6&#8243; _module_preset=&#187;default&#187; header_text_color=&#187;#5A562E&#187; header_font_size=&#187;2.5em&#187; hover_enabled=&#187;0&#8243; locked=&#187;off&#187; global_colors_info=&#187;{}&#187; sticky_enabled=&#187;0&#8243;]<\/p>\n<h1>Modalit\u00e4ten des Widerrufs<\/h1>\n<p>[\/et_pb_text][et_pb_text _builder_version=&#187;4.27.6&#8243; _module_preset=&#187;default&#187; global_colors_info=&#187;{}&#187;]<\/p>\n<p>L&#8217;Atelier des Saisons akzeptiert keine R\u00fccksendungen von Lebensmitteln. Sie k\u00f6nnen Ihre Bestellung stornieren, indem Sie eine E-Mail an contact@latelierdessaisons.ch senden, bevor Sie unsere E-Mail mit der Auftragsbest\u00e4tigung erhalten.<\/p>\n<p>Bei Non-Food-Produkten haben Sie eine Frist von 7 Tagen (ab Erhalt der Artikel), um den guten Zustand der Artikel zu \u00fcberpr\u00fcfen. Im Falle eines Umtauschs oder einer R\u00fcckerstattung senden Sie bitte die Produkte (auf Ihre Kosten) innerhalb von 7 Tagen in ihrer Originalverpackung und mit dem gleichen Schutz, in dem Sie sie erhalten haben, an die folgende Adresse: Elia Fuster Rius Rue de la Riaz 20 1026 Echandens. Im Falle der Aus\u00fcbung des Widerrufsrechts verpflichtet sich L&#8217;Atelier des Saisons\/Elia Fuster Rius, die vom Kunden gezahlten Betr\u00e4ge ohne Kosten, mit Ausnahme der Kosten f\u00fcr die R\u00fccksendung, zur\u00fcckzuzahlen. Die R\u00fcckerstattung erfolgt innerhalb von maximal 15 Tagen nach Erhalt der zur\u00fcckgesandten Waren.<\/p>\n<p>Um die Widerrufsfrist zu wahren, reicht es aus, wenn Sie Ihre Erkl\u00e4rung \u00fcber die Aus\u00fcbung des Widerrufsrechts vor Ablauf der Widerrufsfrist absenden.<\/p>\n<p>In jedem Fall empfehlen wir Ihnen, sich mit uns in Verbindung zu setzen, um die beste L\u00f6sung zu finden, ob es sich nun um die Stornierung Ihrer Bestellung, die R\u00fccksendung oder die Annahme von kaputten oder besch\u00e4digten Produkten handelt.<\/p>\n<p>[\/et_pb_text][\/et_pb_column][\/et_pb_row][\/et_pb_section]<\/p>\n","protected":false},"excerpt":{"rendered":"<p>Modalit\u00e4ten des WiderrufsL&#8217;Atelier des Saisons akzeptiert keine R\u00fccksendungen von Lebensmitteln. Sie k\u00f6nnen Ihre Bestellung stornieren, indem Sie eine E-Mail an contact@latelierdessaisons.ch senden, bevor Sie unsere E-Mail mit der Auftragsbest\u00e4tigung erhalten. Bei Non-Food-Produkten haben Sie eine Frist von 7 Tagen (ab Erhalt der Artikel), um den guten Zustand der Artikel zu \u00fcberpr\u00fcfen. Im Falle eines Umtauschs [&hellip;]<\/p>\n","protected":false},"author":2,"featured_media":0,"parent":0,"menu_order":0,"comment_status":"closed","ping_status":"closed","template":"","meta":{"_et_pb_use_builder":"on","_et_pb_old_content":"","_et_gb_content_width":"","footnotes":""},"dipi_cpt_category":[],"class_list":["post-1576","page","type-page","status-publish","hentry"],"_links":{"self":[{"href":"https:\/\/www.latelierdessaisons.ch\/de-ch\/wp-json\/wp\/v2\/pages\/1576","targetHints":{"allow":["GET"]}}],"collection":[{"href":"https:\/\/www.latelierdessaisons.ch\/de-ch\/wp-json\/wp\/v2\/pages"}],"about":[{"href":"https:\/\/www.latelierdessaisons.ch\/de-ch\/wp-json\/wp\/v2\/types\/page"}],"author":[{"embeddable":true,"href":"https:\/\/www.latelierdessaisons.ch\/de-ch\/wp-json\/wp\/v2\/users\/2"}],"replies":[{"embeddable":true,"href":"https:\/\/www.latelierdessaisons.ch\/de-ch\/wp-json\/wp\/v2\/comments?post=1576"}],"version-history":[{"count":2,"href":"https:\/\/www.latelierdessaisons.ch\/de-ch\/wp-json\/wp\/v2\/pages\/1576\/revisions"}],"predecessor-version":[{"id":1578,"href":"https:\/\/www.latelierdessaisons.ch\/de-ch\/wp-json\/wp\/v2\/pages\/1576\/revisions\/1578"}],"wp:attachment":[{"href":"https:\/\/www.latelierdessaisons.ch\/de-ch\/wp-json\/wp\/v2\/media?parent=1576"}],"wp:term":[{"taxonomy":"dipi_cpt_category","embeddable":true,"href":"https:\/\/www.latelierdessaisons.ch\/de-ch\/wp-json\/wp\/v2\/dipi_cpt_category?post=1576"}],"curies":[{"name":"wp","href":"https:\/\/api.w.org\/{rel}","templated":true}]}}