{"id":1575,"date":"2026-04-07T12:55:59","date_gmt":"2026-04-07T10:55:59","guid":{"rendered":"https:\/\/www.latelierdessaisons.ch\/allgemeine-bedingungen\/"},"modified":"2026-04-08T18:35:02","modified_gmt":"2026-04-08T16:35:02","slug":"allgemeine-bedingungen","status":"publish","type":"page","link":"https:\/\/www.latelierdessaisons.ch\/de-ch\/allgemeine-bedingungen\/","title":{"rendered":"Allgemeine Bedingungen"},"content":{"rendered":"<p>[et_pb_section fb_built=&#187;1&#8243; theme_builder_area=&#187;post_content&#187; _builder_version=&#187;4.27.6&#8243; _module_preset=&#187;default&#187; background_color=&#187;#FAF9EE&#187; hover_enabled=&#187;0&#8243; sticky_enabled=&#187;0&#8243;][et_pb_row _builder_version=&#187;4.27.6&#8243; _module_preset=&#187;default&#187; theme_builder_area=&#187;post_content&#187;][et_pb_column _builder_version=&#187;4.27.6&#8243; _module_preset=&#187;default&#187; type=&#187;4_4&#8243; theme_builder_area=&#187;post_content&#187;][et_pb_text _builder_version=&#187;4.27.6&#8243; _module_preset=&#187;default&#187; theme_builder_area=&#187;post_content&#187; header_text_color=&#187;#5A562E&#187; header_font_size=&#187;2.5em&#187; hover_enabled=&#187;0&#8243; sticky_enabled=&#187;0&#8243;]<\/p>\n<h1>Allgemeine Bedingungen<\/h1>\n<p>[\/et_pb_text][et_pb_text _builder_version=&#187;4.27.6&#8243; _module_preset=&#187;default&#187; theme_builder_area=&#187;post_content&#187; hover_enabled=&#187;0&#8243; sticky_enabled=&#187;0&#8243;]<\/p>\n<h2>1. Herausgeber der Website<\/h2>\n<p>Die Website www.latelierdessaisons.ch wird herausgegeben von:<\/p>\n<p>L&#8217;Atelier des Saisons<br \/>Einzelunternehmen<br \/>Elia Fuster Rius<br \/>Rue de la Riaz 20<br \/>CH-1026 Echandens, Schweiz<\/p>\n<p>E-Mail: <a href=\"mailto:contact@latelierdessaisons.ch\">contact@latelierdessaisons.ch<\/a><\/p>\n<p>Telefon: +41764240574<\/p>\n<p>CHE-173034662<\/p>\n<p>L&#8217;Atelier des Saisons ist in der Auswahl, dem Import und dem Verkauf von nativem Oliven\u00f6l extra t\u00e4tig und organisiert Verkostungen und Veranstaltungen rund um das Oliven\u00f6l.<\/p>\n<h2>2. Hosting der Website<\/h2>\n<p>Die Website wird gehostet von:<br \/>Lightspeed Commerce Inc.<br \/>700 Saint-Antoine Street East, Suite 300, Montr\u00e9al (Quebec) H2Y 1A6, Kanada.<\/p>\n<h2>3. Geistiges Eigentum<\/h2>\n<p>Alle Inhalte auf der Website <strong>www.latelierdessaisons.ch,<\/strong> insbesondere Texte, Bilder, Fotografien, Videos, Logos, Grafiken und visuelle Elemente, sind das ausschlie\u00dfliche Eigentum von L&#8217;Atelier des Saisons oder sind Gegenstand eines Nutzungsrechts.<\/p>\n<p>Jede vollst\u00e4ndige oder teilweise Vervielf\u00e4ltigung, Darstellung, \u00c4nderung oder Nutzung ohne vorherige schriftliche Genehmigung ist strengstens untersagt.<\/p>\n<h2>4. Verantwortung<\/h2>\n<p>Die auf dieser Website ver\u00f6ffentlichten Informationen werden zu Informationszwecken zur Verf\u00fcgung gestellt. L&#8217;Atelier des Saisons bem\u00fcht sich um die Richtigkeit und Aktualit\u00e4t der Inhalte, garantiert jedoch weder deren Vollst\u00e4ndigkeit noch die Fehlerfreiheit. <\/p>\n<p>Der Herausgeber kann nicht f\u00fcr direkte oder indirekte Sch\u00e4den haftbar gemacht werden, die sich aus dem Zugriff auf oder der Nutzung der Website ergeben, einschlie\u00dflich Unterbrechungen, Fehlfunktionen oder Viren.<\/p>\n<h2>5. Schutz von pers\u00f6nlichen Daten<\/h2>\n<p>Die Verarbeitung personenbezogener Daten erfolgt in \u00dcbereinstimmung mit dem in der Schweiz geltenden Bundesgesetz \u00fcber den Datenschutz (DSG).<\/p>\n<p>Die Art und Weise, wie Daten gesammelt, verarbeitet und gespeichert werden, sowie die Rechte der Nutzer (Recht auf Zugang, Berichtigung, Widerspruch oder L\u00f6schung) werden auf der Seite Datenschutzrichtlinie ausf\u00fchrlich beschrieben.<\/p>\n<p>Verantwortlich f\u00fcr die Datenverarbeitung:<br \/>Elia Fuster Rius &#8211; <a href=\"mailto:contact@latelierdessaisons.ch\">contact@latelierdessaisons.ch<\/a><\/p>\n<h2>6. Cookies<\/h2>\n<p>Die Website verwendet Cookies, die f\u00fcr den ordnungsgem\u00e4\u00dfen Betrieb unbedingt erforderlich sind. Cookies f\u00fcr die Analyse oder die Messung des Publikums k\u00f6nnen mit vorheriger Zustimmung des Nutzers verwendet werden. <\/p>\n<p>Die Cookie-Einstellungen k\u00f6nnen jederzeit \u00fcber das Cookie-Management-Banner ge\u00e4ndert werden.<\/p>\n<h2>7. Allgemeine Gesch\u00e4ftsbedingungen<\/h2>\n<p>Die auf der Website <strong>www.latelierdessaisons.ch<\/strong> get\u00e4tigten Verk\u00e4ufe unterliegen den Allgemeinen Gesch\u00e4ftsbedingungen (AGB), die auf einer speziellen Seite abrufbar sind. Jede Bestellung setzt die vollst\u00e4ndige Annahme der zum Zeitpunkt des Kaufs g\u00fcltigen AGB voraus. <\/p>\n<h2>8. Anwendbares Recht und Gerichtsstand<\/h2>\n<p>Diese rechtlichen Hinweise unterliegen dem Schweizer Recht.<\/p>\n<p>Im Falle eines Rechtsstreits ist der Gerichtsstand der Gesch\u00e4ftssitz der Herausgeberin, vorbehaltlich zwingender gesetzlicher Bestimmungen.<\/p>\n<p>[\/et_pb_text][\/et_pb_column][\/et_pb_row][\/et_pb_section]<\/p>\n","protected":false},"excerpt":{"rendered":"<p>Allgemeine Bedingungen1. Herausgeber der Website Die Website www.latelierdessaisons.ch wird herausgegeben von: L&#8217;Atelier des SaisonsEinzelunternehmenElia Fuster RiusRue de la Riaz 20CH-1026 Echandens, Schweiz E-Mail: contact@latelierdessaisons.ch Telefon: +41764240574 CHE-173034662 L&#8217;Atelier des Saisons ist in der Auswahl, dem Import und dem Verkauf von nativem Oliven\u00f6l extra t\u00e4tig und organisiert Verkostungen und Veranstaltungen rund um das Oliven\u00f6l. 2. Hosting [&hellip;]<\/p>\n","protected":false},"author":2,"featured_media":0,"parent":0,"menu_order":0,"comment_status":"closed","ping_status":"closed","template":"","meta":{"_et_pb_use_builder":"on","_et_pb_old_content":"","_et_gb_content_width":"","footnotes":""},"dipi_cpt_category":[],"class_list":["post-1575","page","type-page","status-publish","hentry"],"_links":{"self":[{"href":"https:\/\/www.latelierdessaisons.ch\/de-ch\/wp-json\/wp\/v2\/pages\/1575","targetHints":{"allow":["GET"]}}],"collection":[{"href":"https:\/\/www.latelierdessaisons.ch\/de-ch\/wp-json\/wp\/v2\/pages"}],"about":[{"href":"https:\/\/www.latelierdessaisons.ch\/de-ch\/wp-json\/wp\/v2\/types\/page"}],"author":[{"embeddable":true,"href":"https:\/\/www.latelierdessaisons.ch\/de-ch\/wp-json\/wp\/v2\/users\/2"}],"replies":[{"embeddable":true,"href":"https:\/\/www.latelierdessaisons.ch\/de-ch\/wp-json\/wp\/v2\/comments?post=1575"}],"version-history":[{"count":5,"href":"https:\/\/www.latelierdessaisons.ch\/de-ch\/wp-json\/wp\/v2\/pages\/1575\/revisions"}],"predecessor-version":[{"id":1594,"href":"https:\/\/www.latelierdessaisons.ch\/de-ch\/wp-json\/wp\/v2\/pages\/1575\/revisions\/1594"}],"wp:attachment":[{"href":"https:\/\/www.latelierdessaisons.ch\/de-ch\/wp-json\/wp\/v2\/media?parent=1575"}],"wp:term":[{"taxonomy":"dipi_cpt_category","embeddable":true,"href":"https:\/\/www.latelierdessaisons.ch\/de-ch\/wp-json\/wp\/v2\/dipi_cpt_category?post=1575"}],"curies":[{"name":"wp","href":"https:\/\/api.w.org\/{rel}","templated":true}]}}