{"id":1566,"date":"2026-04-07T14:10:57","date_gmt":"2026-04-07T12:10:57","guid":{"rendered":"https:\/\/www.latelierdessaisons.ch\/ueber-mich\/"},"modified":"2026-04-08T18:34:47","modified_gmt":"2026-04-08T16:34:47","slug":"ueber-mich","status":"publish","type":"page","link":"https:\/\/www.latelierdessaisons.ch\/de-ch\/ueber-mich\/","title":{"rendered":"\u00dcber mich"},"content":{"rendered":"<p>[et_pb_section fb_built=&#187;1&#8243; custom_padding_last_edited=&#187;on|phone&#187; _builder_version=&#187;4.27.6&#8243; background_color=&#187;#FAF9EE&#187; custom_margin_tablet=&#187;&#187; custom_margin_phone=&#187;&#187; custom_margin_last_edited=&#187;on|tablet&#187; custom_padding_tablet=&#187;||0px||false|false&#187; custom_padding_phone=&#187;1em||||false|false&#187; global_colors_info=&#187;{}&#187;][et_pb_row _builder_version=&#187;4.16&#8243; global_colors_info=&#187;{}&#187;][et_pb_column type=&#187;4_4&#8243; _builder_version=&#187;4.16&#8243; global_colors_info=&#187;{}&#187;][et_pb_image src=&#187;https:\/\/latelierdessaisons.ch\/wp-content\/uploads\/2026\/04\/ico-olivas.png&#187; title_text=&#187;ico-olivas&#187; _builder_version=&#187;4.27.6&#8243; _module_preset=&#187;default&#187; width_tablet=&#187;40%&#187; width_phone=&#187;55%&#187; width_last_edited=&#187;on|tablet&#187; custom_margin=&#187;||-9em|-5em|false|false&#187; custom_margin_tablet=&#187;||-8em|-3em|false|false&#187; custom_margin_phone=&#187;||-6em|-1em|false|false&#187; custom_margin_last_edited=&#187;on|tablet&#187; filter_opacity=&#187;25%&#187; global_colors_info=&#187;{}&#187;][\/et_pb_image][et_pb_text _builder_version=&#187;4.27.6&#8243; header_text_color=&#187;#5A562E&#187; header_font_size=&#187;4em&#187; header_font_size_tablet=&#187;3em&#187; header_font_size_phone=&#187;2.5em&#187; header_font_size_last_edited=&#187;on|phone&#187; global_colors_info=&#187;{}&#187;]<\/p>\n<h1>\u00dcber mich<\/h1>\n<p>[\/et_pb_text][\/et_pb_column][\/et_pb_row][\/et_pb_section][et_pb_section fb_built=&#187;1&#8243; _builder_version=&#187;4.27.6&#8243; _module_preset=&#187;default&#187; background_color=&#187;#FAF9EE&#187; custom_padding=&#187;0px||||false|false&#187; global_colors_info=&#187;{}&#187;][et_pb_row column_structure=&#187;1_2,1_2&#8243; make_equal=&#187;on&#187; _builder_version=&#187;4.27.6&#8243; _module_preset=&#187;default&#187; hover_enabled=&#187;0&#8243; global_colors_info=&#187;{}&#187; custom_padding_last_edited=&#187;on|phone&#187; custom_padding_phone=&#187;||0px||false|false&#187; sticky_enabled=&#187;0&#8243;][et_pb_column type=&#187;1_2&#8243; _builder_version=&#187;4.27.6&#8243; _module_preset=&#187;default&#187; global_colors_info=&#187;{}&#187;][et_pb_text _builder_version=&#187;4.27.6&#8243; _module_preset=&#187;default&#187; header_2_font_size=&#187;1.8em&#187; header_2_line_height=&#187;1.2em&#187; custom_margin_tablet=&#187;|||0em|false|false&#187; custom_margin_phone=&#187;|||0em|false|false&#187; custom_margin_last_edited=&#187;off|desktop&#187; custom_padding_tablet=&#187;0px||||false|false&#187; custom_padding_phone=&#187;0px||||false|false&#187; custom_padding_last_edited=&#187;on|phone&#187; hover_enabled=&#187;0&#8243; header_2_font_size_tablet=&#187;1.5em&#187; header_2_font_size_phone=&#187;1.2em&#187; header_2_font_size_last_edited=&#187;on|phone&#187; locked=&#187;off&#187; global_colors_info=&#187;{}&#187; sticky_enabled=&#187;0&#8243;]<\/p>\n<h2>Elia Fuster Rius &#8211; Sommeli\u00e8re f\u00fcr Oliven\u00f6l, Expertin f\u00fcr internationalen Handel und Jury des renommierten internationalen Wettbewerbs EIOOC. <span style=\"text-decoration: underline;\"><a href=\"https:\/\/eiooc.com\/judges.php\" target=\"_blank\" rel=\"noopener\">EIOOC<\/a><\/span><\/h2>\n<p>[\/et_pb_text][et_pb_text _builder_version=&#187;4.27.6&#8243; _module_preset=&#187;default&#187; global_colors_info=&#187;{}&#187;]<\/p>\n<p>Meine Liebesgeschichte mit Oliven\u00f6l begann, als ich als kleines Kind meinem Vater half, die Oliven von unseren Olivenb\u00e4umen zu pfl\u00fccken und sie zur \u00d6lm\u00fchle zu bringen, um \u00d6l f\u00fcr das ganze Jahr zu gewinnen. Ich liebte es auch, wenn meine Mutter einen Schuss Oliven\u00f6l in die Suppe gab, weil ich es liebte, die kleinen \u00d6ltr\u00f6pfchen auf meinem Teller tanzen zu sehen. Ein gutes &#171;P\u00e0 amb tom\u00e0quet&#187;, ein Salat oder ein mit Oliven\u00f6l betr\u00e4ufeltes Toastbrot sind Teil meiner mediterranen Esskultur.<\/p>\n<p>Nachdem ich in der Schweiz angekommen war, war es sehr schwierig f\u00fcr mich, ein \u00d6l zu finden, das meinen Erwartungen entsprach.<\/p>\n<p>[\/et_pb_text][\/et_pb_column][et_pb_column type=&#187;1_2&#8243; _builder_version=&#187;4.27.6&#8243; _module_preset=&#187;default&#187; background_image=&#187;https:\/\/latelierdessaisons.ch\/wp-content\/uploads\/2026\/04\/img-elia-2.jpg&#187; global_colors_info=&#187;{}&#187;][et_pb_divider show_divider=&#187;off&#187; _builder_version=&#187;4.27.6&#8243; _module_preset=&#187;default&#187; width_last_edited=&#187;off|tablet&#187; height_tablet=&#187;500px&#187; height_phone=&#187;300px&#187; height_last_edited=&#187;on|phone&#187; global_colors_info=&#187;{}&#187;][\/et_pb_divider][\/et_pb_column][\/et_pb_row][\/et_pb_section][et_pb_section fb_built=&#187;1&#8243; _builder_version=&#187;4.27.6&#8243; _module_preset=&#187;default&#187; background_color=&#187;#FAF9EE&#187; use_background_color_gradient=&#187;on&#187; background_color_gradient_direction=&#187;90deg&#187; background_color_gradient_stops=&#187;rgba(0,0,0,0) 0%|rgba(0,0,0,0.38) 25%|#faf9ee 50%&#187; background_color_gradient_overlays_image=&#187;on&#187; background_image=&#187;https:\/\/latelierdessaisons.ch\/wp-content\/uploads\/2026\/04\/fondo-olivar-4.jpg&#187; background_size=&#187;contain&#187; background_position=&#187;top_left&#187; custom_margin=&#187;-1px||-1px||true|false&#187; custom_padding=&#187;0px||0px||true|false&#187; hover_enabled=&#187;0&#8243; global_colors_info=&#187;{}&#187; background_last_edited=&#187;on|tablet&#187; background_size_tablet=&#187;cover&#187; background_position_tablet=&#187;center&#187; background_color_gradient_direction_tablet=&#187;180deg&#187; sticky_enabled=&#187;0&#8243; background_color_gradient_stops_tablet=&#187;#faf9ee 70%|rgba(0,0,0,0.38) 70%|rgba(0,0,0,0) 100%&#187; use_background_color_gradient_tablet=&#187;on&#187; background_color_gradient_stops_phone=&#187;#faf9ee 80%|rgba(0,0,0,0.38) 80%|rgba(0,0,0,0) 100%&#187; use_background_color_gradient_phone=&#187;on&#187;][et_pb_row column_structure=&#187;2_5,3_5&#8243; use_custom_gutter=&#187;on&#187; gutter_width=&#187;4&#8243; _builder_version=&#187;4.27.6&#8243; _module_preset=&#187;default&#187; use_background_color_gradient=&#187;on&#187; background_color_gradient_direction=&#187;90deg&#187; background_color_gradient_stops=&#187;rgba(250,249,238,0) 15%|#faf9ee 15%&#187; custom_padding=&#187;5em||5em||true|false&#187; hover_enabled=&#187;0&#8243; global_colors_info=&#187;{}&#187; sticky_enabled=&#187;0&#8243; background_last_edited=&#187;on|tablet&#187; use_background_color_gradient_tablet=&#187;off&#187; custom_padding_last_edited=&#187;on|tablet&#187; custom_padding_tablet=&#187;0em||5em||false|false&#187; custom_padding_phone=&#187;0em||5em||false|false&#187;][et_pb_column type=&#187;2_5&#8243; _builder_version=&#187;4.27.6&#8243; _module_preset=&#187;default&#187; hover_enabled=&#187;0&#8243; global_colors_info=&#187;{}&#187; sticky_enabled=&#187;0&#8243;][et_pb_image src=&#187;https:\/\/latelierdessaisons.ch\/wp-content\/uploads\/2026\/04\/img-cata.jpg&#187; _builder_version=&#187;4.27.6&#8243; _module_preset=&#187;default&#187; hover_enabled=&#187;0&#8243; border_radii=&#187;on|1000px|1000px|1000px|1000px&#187; global_colors_info=&#187;{}&#187; disabled_on=&#187;on|on|off&#187; sticky_enabled=&#187;0&#8243;][\/et_pb_image][\/et_pb_column][et_pb_column type=&#187;3_5&#8243; _builder_version=&#187;4.27.6&#8243; _module_preset=&#187;default&#187; global_colors_info=&#187;{}&#187;][et_pb_text _builder_version=&#187;4.27.6&#8243; _module_preset=&#187;default&#187; hover_enabled=&#187;0&#8243; global_colors_info=&#187;{}&#187; sticky_enabled=&#187;0&#8243;]<\/p>\n<p>Ich brauchte mehr Wissen, um es weiterzugeben und den Leuten beizubringen, wie sie ein gutes Natives Oliven\u00f6l Extra erkennen und genie\u00dfen k\u00f6nnen. Ich habe gelernt, Aromen, positive Attribute und auch M\u00e4ngel zu erkennen. Ich kann auch den Unterschied zwischen einem ausgezeichneten Oliven\u00f6l und einem von geringerer Qualit\u00e4t erkennen.<\/p>\n<p>Mir wurde klar, dass meine Kunden mir Fragen stellten, auf die ich nicht immer eine Antwort hatte. Ich brauchte mehr Wissen, um es weiterzugeben und den Leuten beizubringen, wie sie ein gutes Natives Oliven\u00f6l Extra erkennen und genie\u00dfen k\u00f6nnen. Ich habe gelernt, Aromen, positive Attribute und auch M\u00e4ngel zu erkennen. Ich kann auch den Unterschied zwischen einem ausgezeichneten Oliven\u00f6l und einem von geringerer Qualit\u00e4t erkennen.<\/p>\n<p>[\/et_pb_text][et_pb_image src=&#187;https:\/\/latelierdessaisons.ch\/wp-content\/uploads\/2026\/04\/img-cata.jpg&#187; _builder_version=&#187;4.27.6&#8243; _module_preset=&#187;default&#187; hover_enabled=&#187;0&#8243; border_radii=&#187;on|1000px|1000px|1000px|1000px&#187; global_colors_info=&#187;{}&#187; locked=&#187;off&#187; disabled_on=&#187;off|off|on&#187; sticky_enabled=&#187;0&#8243; width_last_edited=&#187;on|tablet&#187; width_tablet=&#187;75%&#187; module_alignment=&#187;center&#187; width_phone=&#187;75%&#187;][\/et_pb_image][\/et_pb_column][\/et_pb_row][\/et_pb_section][et_pb_section fb_built=&#187;1&#8243; _builder_version=&#187;4.27.6&#8243; _module_preset=&#187;default&#187; background_color=&#187;#FAF9EE&#187; locked=&#187;off&#187; global_colors_info=&#187;{}&#187;][et_pb_row column_structure=&#187;1_2,1_2&#8243; make_equal=&#187;on&#187; _builder_version=&#187;4.27.6&#8243; _module_preset=&#187;default&#187; global_colors_info=&#187;{}&#187;][et_pb_column type=&#187;1_2&#8243; _builder_version=&#187;4.27.6&#8243; _module_preset=&#187;default&#187; global_colors_info=&#187;{}&#187;][et_pb_text _builder_version=&#187;4.27.6&#8243; _module_preset=&#187;default&#187; global_colors_info=&#187;{}&#187;]<\/p>\n<p>Meine Liebesgeschichte mit Oliven\u00f6l begann, als ich als kleines Kind meinem Vater half, die Oliven von unseren Olivenb\u00e4umen zu pfl\u00fccken und sie zur \u00d6lm\u00fchle zu bringen, um \u00d6l f\u00fcr das ganze Jahr zu gewinnen. Ich liebte es auch, wenn meine Mutter einen Schuss Oliven\u00f6l in die Suppe gab, weil ich es liebte, die kleinen \u00d6ltr\u00f6pfchen auf meinem Teller tanzen zu sehen. Ein gutes &#171;P\u00e0 amb tom\u00e0quet&#187;, ein Salat oder ein mit Oliven\u00f6l betr\u00e4ufeltes Toastbrot sind Teil meiner mediterranen Esskultur.<\/p>\n<p>Nachdem ich in der Schweiz angekommen war, war es sehr schwierig f\u00fcr mich, ein \u00d6l zu finden, das meinen Erwartungen entsprach.<\/p>\n<p>[\/et_pb_text][et_pb_text _builder_version=&#187;4.27.6&#8243; _module_preset=&#187;default&#187; text_font=&#187;&#8211;et_global_heading_font|600|||||||&#187; text_font_size=&#187;2em&#187; text_line_height=&#187;1.2em&#187; header_2_font_size=&#187;1.8em&#187; header_2_line_height=&#187;1.2em&#187; custom_margin_tablet=&#187;|||0em|false|false&#187; custom_margin_phone=&#187;|||0em|false|false&#187; custom_margin_last_edited=&#187;off|desktop&#187; custom_padding_tablet=&#187;0px||||false|false&#187; custom_padding_phone=&#187;0px||||false|false&#187; custom_padding_last_edited=&#187;on|phone&#187; text_font_size_tablet=&#187;2em&#187; text_font_size_phone=&#187;1.3em&#187; text_font_size_last_edited=&#187;on|tablet&#187; header_2_font_size_tablet=&#187;1.5em&#187; header_2_font_size_phone=&#187;1.2em&#187; header_2_font_size_last_edited=&#187;on|phone&#187; locked=&#187;off&#187; global_colors_info=&#187;{}&#187;]<\/p>\n<p>Herzlich willkommen bei<br \/>L&#8217;Atelier des Saisons!<\/p>\n<p>[\/et_pb_text][\/et_pb_column][et_pb_column type=&#187;1_2&#8243; _builder_version=&#187;4.27.6&#8243; _module_preset=&#187;default&#187; background_image=&#187;https:\/\/latelierdessaisons.ch\/wp-content\/uploads\/2026\/04\/img-press.jpg&#187; background_position=&#187;top_center&#187; global_colors_info=&#187;{}&#187;][et_pb_divider show_divider=&#187;off&#187; _builder_version=&#187;4.27.6&#8243; _module_preset=&#187;default&#187; width_last_edited=&#187;off|tablet&#187; height_tablet=&#187;500px&#187; height_phone=&#187;300px&#187; height_last_edited=&#187;on|phone&#187; global_colors_info=&#187;{}&#187;][\/et_pb_divider][\/et_pb_column][\/et_pb_row][\/et_pb_section]<\/p>\n","protected":false},"excerpt":{"rendered":"<p>\u00dcber michElia Fuster Rius &#8211; Sommeli\u00e8re f\u00fcr Oliven\u00f6l, Expertin f\u00fcr internationalen Handel und Jury des renommierten internationalen Wettbewerbs EIOOC. EIOOCMeine Liebesgeschichte mit Oliven\u00f6l begann, als ich als kleines Kind meinem Vater half, die Oliven von unseren Olivenb\u00e4umen zu pfl\u00fccken und sie zur \u00d6lm\u00fchle zu bringen, um \u00d6l f\u00fcr das ganze Jahr zu gewinnen. Ich liebte [&hellip;]<\/p>\n","protected":false},"author":2,"featured_media":0,"parent":0,"menu_order":0,"comment_status":"closed","ping_status":"closed","template":"","meta":{"_et_pb_use_builder":"on","_et_pb_old_content":"","_et_gb_content_width":"","footnotes":""},"dipi_cpt_category":[],"class_list":["post-1566","page","type-page","status-publish","hentry"],"_links":{"self":[{"href":"https:\/\/www.latelierdessaisons.ch\/de-ch\/wp-json\/wp\/v2\/pages\/1566","targetHints":{"allow":["GET"]}}],"collection":[{"href":"https:\/\/www.latelierdessaisons.ch\/de-ch\/wp-json\/wp\/v2\/pages"}],"about":[{"href":"https:\/\/www.latelierdessaisons.ch\/de-ch\/wp-json\/wp\/v2\/types\/page"}],"author":[{"embeddable":true,"href":"https:\/\/www.latelierdessaisons.ch\/de-ch\/wp-json\/wp\/v2\/users\/2"}],"replies":[{"embeddable":true,"href":"https:\/\/www.latelierdessaisons.ch\/de-ch\/wp-json\/wp\/v2\/comments?post=1566"}],"version-history":[{"count":2,"href":"https:\/\/www.latelierdessaisons.ch\/de-ch\/wp-json\/wp\/v2\/pages\/1566\/revisions"}],"predecessor-version":[{"id":1570,"href":"https:\/\/www.latelierdessaisons.ch\/de-ch\/wp-json\/wp\/v2\/pages\/1566\/revisions\/1570"}],"wp:attachment":[{"href":"https:\/\/www.latelierdessaisons.ch\/de-ch\/wp-json\/wp\/v2\/media?parent=1566"}],"wp:term":[{"taxonomy":"dipi_cpt_category","embeddable":true,"href":"https:\/\/www.latelierdessaisons.ch\/de-ch\/wp-json\/wp\/v2\/dipi_cpt_category?post=1566"}],"curies":[{"name":"wp","href":"https:\/\/api.w.org\/{rel}","templated":true}]}}