{"id":1559,"date":"2026-04-07T12:58:26","date_gmt":"2026-04-07T10:58:26","guid":{"rendered":"https:\/\/www.latelierdessaisons.ch\/allgemeine-geschaeftsbedingungen\/"},"modified":"2026-04-08T18:34:43","modified_gmt":"2026-04-08T16:34:43","slug":"allgemeine-geschaeftsbedingungen","status":"publish","type":"page","link":"https:\/\/www.latelierdessaisons.ch\/de-ch\/allgemeine-geschaeftsbedingungen\/","title":{"rendered":"Allgemeine Gesch\u00e4ftsbedingungen"},"content":{"rendered":"<p>[et_pb_section fb_built=&#187;1&#8243; theme_builder_area=&#187;post_content&#187; _builder_version=&#187;4.27.6&#8243; _module_preset=&#187;default&#187; background_color=&#187;#FAF9EE&#187; hover_enabled=&#187;0&#8243; sticky_enabled=&#187;0&#8243;][et_pb_row _builder_version=&#187;4.27.6&#8243; _module_preset=&#187;default&#187; theme_builder_area=&#187;post_content&#187;][et_pb_column _builder_version=&#187;4.27.6&#8243; _module_preset=&#187;default&#187; type=&#187;4_4&#8243; theme_builder_area=&#187;post_content&#187;][et_pb_text _builder_version=&#187;4.27.6&#8243; _module_preset=&#187;default&#187; header_text_color=&#187;#5A562E&#187; header_font_size=&#187;2.5em&#187; hover_enabled=&#187;0&#8243; global_colors_info=&#187;{}&#187; locked=&#187;off&#187; theme_builder_area=&#187;post_content&#187; sticky_enabled=&#187;0&#8243;]<\/p>\n<h1>Allgemeine Gesch\u00e4ftsbedingungen<\/h1>\n<p>[\/et_pb_text][et_pb_text _builder_version=&#187;4.27.6&#8243; _module_preset=&#187;default&#187; theme_builder_area=&#187;post_content&#187; hover_enabled=&#187;0&#8243; sticky_enabled=&#187;0&#8243;]<\/p>\n<h2>1. Anwendungsbereich<\/h2>\n<p>Die vorliegenden Allgemeinen Gesch\u00e4ftsbedingungen gelten f\u00fcr alle Verk\u00e4ufe von Produkten und Dienstleistungen, die auf der Website <a href=\"http:\/\/www.latelierdessaisons.ch\/de-ch\/\">www.latelierdessaisons.ch<\/a> angeboten werden.<\/p>\n<p>Jede Bestellung setzt die vorbehaltlose Annahme der vorliegenden AGB voraus.<\/p>\n<h2>2. Produkte<\/h2>\n<p>Die angebotenen Produkte sind haupts\u00e4chlich natives Oliven\u00f6l extra und damit verbundene Lebensmittelprodukte. Die Beschreibungen werden mit gr\u00f6\u00dftm\u00f6glicher Sorgfalt erstellt, k\u00f6nnen aber aufgrund der handwerklichen Natur der Produkte leichte Abweichungen aufweisen.<\/p>\n<h2>3. Preis<\/h2>\n<p>Die Preise sind in Schweizer Franken (CHF) angegeben, einschlie\u00dflich aller Steuern, sofern anwendbar.<\/p>\n<p>L&#8217;Atelier des Saisons beh\u00e4lt sich das Recht vor, seine Preise jederzeit zu \u00e4ndern. Es gilt der Preis, der zum Zeitpunkt der Bestellung g\u00fcltig ist.<\/p>\n<h2>4. Befehle<\/h2>\n<p>Bestellungen werden \u00fcber die Website get\u00e4tigt. Jede Bestellung gilt als verbindlich, sobald die Zahlung best\u00e4tigt wurde.<\/p>\n<h2>5. Zahlung<\/h2>\n<p>Die Zahlung erfolgt \u00fcber die auf der Website angebotenen Mittel (Bankkarte, Online-Zahlungsl\u00f6sungen).<\/p>\n<h2>6. Lieferung<\/h2>\n<p>Die Lieferungen erfolgen haupts\u00e4chlich in die Schweiz und nach Liechtenstein.<\/p>\n<p>Die Lieferzeiten sind Richtwerte. L&#8217;Atelier des Saisons kann nicht f\u00fcr Verz\u00f6gerungen haftbar gemacht werden, die den Transportunternehmen zuzuschreiben sind.<\/p>\n<p>Der Kunde \u00fcbernimmt die Verantwortung f\u00fcr die gelieferten Produkte. Weder L&#8217;Atelier des Saisons noch der Spediteur sind im Falle eines Diebstahls des Pakets haftbar.<\/p>\n<h2>7. R\u00fcckgaberecht und Lebensmittel<\/h2>\n<p>Nach schweizerischem Recht k\u00f6nnen ge\u00f6ffnete oder entsiegelte Lebensmittel nicht zur\u00fcckgenommen werden. Das Atelier des Saisons nimmt keine Lebensmittel zur\u00fcck, um Manipulationen oder m\u00f6gliche Kontaminationen zu vermeiden.<\/p>\n<p><strong>Defekte oder beim Transport besch\u00e4digte Produkte m\u00fcssen innerhalb von 48 Stunden nach Erhalt gemeldet werden.<\/strong><\/p>\n<h2>8. Verantwortung<\/h2>\n<p>Die Haftung von L&#8217;Atelier des Saisons ist auf nachgewiesene direkte Sch\u00e4den beschr\u00e4nkt, unter Ausschluss jeglicher indirekter Sch\u00e4den.<\/p>\n<h2>9. Veranstaltungen und Verkostungen<\/h2>\n<p>Die Anmeldung f\u00fcr Verkostungen und Veranstaltungen ist verbindlich. Die Stornierungsbedingungen werden bei der Anmeldung angegeben.<\/p>\n<h2>10. Anwendbares Recht und Gerichtsstand<\/h2>\n<p>Diese AGB unterliegen dem Schweizer Recht.<\/p>\n<p>Der Gerichtsstand ist der Gesch\u00e4ftssitz der Herausgeberin, vorbehaltlich zwingender gesetzlicher Bestimmungen.<\/p>\n<p>[\/et_pb_text][\/et_pb_column][\/et_pb_row][\/et_pb_section]<\/p>\n","protected":false},"excerpt":{"rendered":"<p>Allgemeine Gesch\u00e4ftsbedingungen1. Anwendungsbereich Die vorliegenden Allgemeinen Gesch\u00e4ftsbedingungen gelten f\u00fcr alle Verk\u00e4ufe von Produkten und Dienstleistungen, die auf der Website www.latelierdessaisons.ch angeboten werden. Jede Bestellung setzt die vorbehaltlose Annahme der vorliegenden AGB voraus. 2. Produkte Die angebotenen Produkte sind haupts\u00e4chlich natives Oliven\u00f6l extra und damit verbundene Lebensmittelprodukte. Die Beschreibungen werden mit gr\u00f6\u00dftm\u00f6glicher Sorgfalt erstellt, k\u00f6nnen aber [&hellip;]<\/p>\n","protected":false},"author":2,"featured_media":0,"parent":0,"menu_order":0,"comment_status":"closed","ping_status":"closed","template":"","meta":{"_et_pb_use_builder":"on","_et_pb_old_content":"","_et_gb_content_width":"","footnotes":""},"dipi_cpt_category":[],"class_list":["post-1559","page","type-page","status-publish","hentry"],"_links":{"self":[{"href":"https:\/\/www.latelierdessaisons.ch\/de-ch\/wp-json\/wp\/v2\/pages\/1559","targetHints":{"allow":["GET"]}}],"collection":[{"href":"https:\/\/www.latelierdessaisons.ch\/de-ch\/wp-json\/wp\/v2\/pages"}],"about":[{"href":"https:\/\/www.latelierdessaisons.ch\/de-ch\/wp-json\/wp\/v2\/types\/page"}],"author":[{"embeddable":true,"href":"https:\/\/www.latelierdessaisons.ch\/de-ch\/wp-json\/wp\/v2\/users\/2"}],"replies":[{"embeddable":true,"href":"https:\/\/www.latelierdessaisons.ch\/de-ch\/wp-json\/wp\/v2\/comments?post=1559"}],"version-history":[{"count":2,"href":"https:\/\/www.latelierdessaisons.ch\/de-ch\/wp-json\/wp\/v2\/pages\/1559\/revisions"}],"predecessor-version":[{"id":1563,"href":"https:\/\/www.latelierdessaisons.ch\/de-ch\/wp-json\/wp\/v2\/pages\/1559\/revisions\/1563"}],"wp:attachment":[{"href":"https:\/\/www.latelierdessaisons.ch\/de-ch\/wp-json\/wp\/v2\/media?parent=1559"}],"wp:term":[{"taxonomy":"dipi_cpt_category","embeddable":true,"href":"https:\/\/www.latelierdessaisons.ch\/de-ch\/wp-json\/wp\/v2\/dipi_cpt_category?post=1559"}],"curies":[{"name":"wp","href":"https:\/\/api.w.org\/{rel}","templated":true}]}}